{"id":3454,"date":"2024-11-15T14:49:17","date_gmt":"2024-11-15T19:49:17","guid":{"rendered":"https:\/\/qymlab.com\/?post_type=product&#038;p=3454"},"modified":"2024-11-15T14:49:17","modified_gmt":"2024-11-15T19:49:17","slug":"dr900","status":"publish","type":"product","link":"https:\/\/qymlab.com\/en\/producto\/dr900\/","title":{"rendered":"Color\u00edmetro port\u00e1til y resistente con registro de datos DR900"},"content":{"rendered":"<div id=\"overviewInfo\" class=\"content\">\n<div class=\"infoRow\"><span class=\"label\">ESPECIFICACIONES<br \/>\nAncho de banda espectral:<\/span> <span class=\"value\">Filtro de 15 nm ancho de banda del filtro<\/span><\/div>\n<div class=\"infoRow\"><span class=\"label\">Compatibilidad de cubetas:<\/span> <span class=\"value\">1 pulg, forma redondeada \/ 16 mm circular (con adaptador)<\/span><\/div>\n<div class=\"infoRow\"><span class=\"label\">Condiciones ambientales: humedad relativa:<\/span> <span class=\"value\">m\u00e1x. 90 % humedad relativa (sin condensaci\u00f3n)<\/span><\/div>\n<div class=\"infoRow\"><span class=\"label\">Condiciones ambientales: temperatura:<\/span> <span class=\"value\">10 &#8211; 40 \u00b0C<\/span><\/div>\n<div class=\"infoRow\"><span class=\"label\">Condiciones de almacenamiento:<\/span> <span class=\"value\">-30 &#8211; 60 \u00b0C (-30 &#8211; 140 \u00b0F), m\u00e1x. 80% de humedad relativa (sin condensaci\u00f3n)<\/span><\/div>\n<div class=\"infoRow\"><span class=\"label\">Condiciones de operaci\u00f3n:<\/span> <span class=\"value\">10 &#8211; 40 \u00b0C (50 &#8211; 104\u00a0\u00b0F), m\u00e1x. 80% de humedad relativa (sin condensaci\u00f3n)<\/span><\/div>\n<div class=\"infoRow\"><span class=\"label\">Contenido de la caja:<\/span> <span class=\"value\">Incluye: instrumento DR900, cable USB con conector mini USB, 4 pilas alcalinas AA, 2 cubetas de muestras de vidrio de 1 pulgada (25 mm) con marcas de graduaci\u00f3n de 10, 20 y 25 mL, 2 cubetas de muestras de 1 cm\/10 mL, adaptador de cubetas de muestras y manual de usuario multiling\u00fce<\/span><\/div>\n<div class=\"infoRow\"><span class=\"label\">Detector:<\/span> <span class=\"value\">Fotodiodo de silicio<\/span><\/div>\n<div class=\"infoRow\"><span class=\"label\">Dimensiones (A x A x P):<\/span> <span class=\"value\">231 mm x 96 mm x 48 mm<\/span><\/div>\n<div class=\"infoRow\"><span class=\"label\">Exactitud de longitud de onda:<\/span> <span class=\"value\">\u00b1 1 nm<\/span><\/div>\n<div class=\"infoRow\"><span class=\"label\">Exactitud fotom\u00e9trica:<\/span> <span class=\"value\">\u00b1 0.03 Abs<\/span><\/div>\n<div class=\"infoRow\"><span class=\"label\">Fuente de luz:<\/span> <span class=\"value\">Diodo de emisi\u00f3n de luz (LED)<\/span><\/div>\n<div class=\"infoRow\"><span class=\"label\">Interfaz:<\/span> <span class=\"value\">USB tipo Mini IP67<\/span><\/div>\n<div class=\"infoRow\"><span class=\"label\">Linealidad fotom\u00e9trica:<\/span> <span class=\"value\">\u00b1 0,002 Abs (0 &#8211; 1 Abs)<\/span><\/div>\n<div class=\"infoRow\"><span class=\"label\">Luz difusa:<\/span> <span class=\"value\">&lt; 1,0 % a 400 nm<\/span><\/div>\n<div class=\"infoRow\"><span class=\"label\">Modo de operaci\u00f3n:<\/span> <span class=\"value\">Transmitancia (%), absorbancia y concentraci\u00f3n<\/span><\/div>\n<div class=\"infoRow\"><span class=\"label\">Pantalla:<\/span> <span class=\"value\">Pantalla gr\u00e1fica 240 x 160 pixel (retroiluminaci\u00f3n)<\/span><\/div>\n<div class=\"infoRow\"><span class=\"label\">Peso:<\/span> <span class=\"value\">0.6 kg con pila<\/span><\/div>\n<div class=\"infoRow\"><span class=\"label\">Pilas\/bater\u00edas requeridas:<\/span> <span class=\"value\">4 pilas AA<\/span><\/div>\n<div class=\"infoRow\"><span class=\"label\">Programas de usuario:<\/span> <span class=\"value\">10<\/span><\/div>\n<div class=\"infoRow\"><span class=\"label\">Protecci\u00f3n de la carcasa (IP):<\/span> <span class=\"value\">IP67<\/span><\/div>\n<div class=\"infoRow\"><span class=\"label\">Rango de longitud de onda:<\/span> <span class=\"value\">420, 520, 560, 610\u00a0nm<\/span><\/div>\n<div class=\"infoRow\"><span class=\"label\">Rango de medici\u00f3n fotom\u00e9trica:<\/span> <span class=\"value\">0 &#8211; 2 Abs<\/span><\/div>\n<div class=\"infoRow\"><span class=\"label\">Rango de temperatura:<\/span> <span class=\"value\">0 \u2013 50 \u00b0C (32 \u2013 122\u00a0\u00b0F)<\/span><\/div>\n<div class=\"infoRow\"><span class=\"label\">Reactivos utilizados:<\/span> <span class=\"value\">Tests de Hach<\/span><\/div>\n<div class=\"infoRow\"><span class=\"label\">Registrador de datos:<\/span> <span class=\"value\">500 valores de medici\u00f3n (resultado, fecha, hora, ID de muestra, ID de usuario seg\u00fan GLP)<\/span><\/div>\n<div class=\"infoRow\"><span class=\"label\">Reproducibilidad:<\/span> <span class=\"value\">\u00b1 0,005 Abs (0 &#8211; 1 A)<\/span><\/div>\n<div class=\"infoRow\"><span class=\"label\">Selecci\u00f3n de longitud de onda:<\/span> <span class=\"value\">Autom\u00e1tico<\/span><\/div>\n<div class=\"infoRow\"><span class=\"label\">Sistema \u00f3ptico:<\/span> <span class=\"value\">0 \/ 180 \u00b0 transmitancia<\/span><\/div>\n<div class=\"infoRow\"><span class=\"label\">Vida \u00fatil de la bater\u00eda:<\/span> <span class=\"value\"><span class=\"value\">6 meses (normalmente) a 5 lecturas al d\u00eda \/ 5 d\u00edas a la semana sin retroiluminaci\u00f3n (el uso de la retroiluminaci\u00f3n disminuir\u00e1 la duraci\u00f3n de las pilas)<br \/>\n<\/span><\/span><\/p>\n<div class=\"infoRow\"><span class=\"label\">Idiomas del manual:<\/span> <span class=\"value\">Ingl\u00e9s, franc\u00e9s, alem\u00e1n, italiano, espa\u00f1ol, portugu\u00e9s, b\u00falgaro, chino, checo, dan\u00e9s, neerland\u00e9s, fin\u00e9s, griego, h\u00fangaro, japon\u00e9s, coreano, polaco, rumano, ruso, esloveno, sueco y turco<\/span><\/div>\n<div class=\"infoRow\"><span class=\"label\">Idiomas interfaz de usuario:<\/span> <span class=\"value\">Ingl\u00e9s, franc\u00e9s, alem\u00e1n, italiano, espa\u00f1ol, portugu\u00e9s, b\u00falgaro, chino, checo, dan\u00e9s, neerland\u00e9s, fin\u00e9s, griego, h\u00fangaro, japon\u00e9s, coreano, polaco, rumano, ruso, esloveno, sueco y turco<br \/>\nIncluye: instrumento DR900, cable USB con conector mini USB, 4 pilas alcalinas AA, 2 cubetas de muestras de vidrio de 1 pulgada (25 mm) con marcas de graduaci\u00f3n de 10, 20 y 25 mL, 2 cubetas de muestras de 1 cm\/10 mL, adaptador de cubetas de muestras y manual de usuario multiling\u00fce<br \/>\n<\/span><\/div>\n<\/div>\n<\/div>","protected":false},"excerpt":{"rendered":"<p>Color\u00edmetro port\u00e1til, resistente y controlado por microprocesador, con tecnolog\u00eda LED de ahorro energ\u00e9tico. Preprogramado con 90 m\u00e9todos de an\u00e1lisis Hach, es f\u00e1cil de usar en campo, resistente al agua, polvo y golpes. Ofrece una interfaz intuitiva, amplia capacidad de almacenamiento y puerto USB para transferir datos. Su pantalla retroiluminada y dise\u00f1o robusto lo hacen ideal para entornos dif\u00edciles.<\/p>\n<ul class=\"bulletList\">\n<li>Construcci\u00f3n robusta<\/li>\n<li>Dise\u00f1ado para su uso en el campo<\/li>\n<li>F\u00e1cil de usar<\/li>\n<li>Resultados fiables sin conexi\u00f3n a la red el\u00e9ctrica<\/li>\n<li>Configurado para su uso inmediato<\/li>\n<\/ul>","protected":false},"featured_media":3455,"template":"","meta":[],"product_cat":[17],"product_tag":[],"_links":{"self":[{"href":"https:\/\/qymlab.com\/en\/wp-json\/wp\/v2\/product\/3454"}],"collection":[{"href":"https:\/\/qymlab.com\/en\/wp-json\/wp\/v2\/product"}],"about":[{"href":"https:\/\/qymlab.com\/en\/wp-json\/wp\/v2\/types\/product"}],"wp:featuredmedia":[{"embeddable":true,"href":"https:\/\/qymlab.com\/en\/wp-json\/wp\/v2\/media\/3455"}],"wp:attachment":[{"href":"https:\/\/qymlab.com\/en\/wp-json\/wp\/v2\/media?parent=3454"}],"wp:term":[{"taxonomy":"product_cat","embeddable":true,"href":"https:\/\/qymlab.com\/en\/wp-json\/wp\/v2\/product_cat?post=3454"},{"taxonomy":"product_tag","embeddable":true,"href":"https:\/\/qymlab.com\/en\/wp-json\/wp\/v2\/product_tag?post=3454"}],"curies":[{"name":"wp","href":"https:\/\/api.w.org\/{rel}","templated":true}]}}