{"id":3464,"date":"2024-11-30T01:26:20","date_gmt":"2024-11-30T06:26:20","guid":{"rendered":"https:\/\/qymlab.com\/?post_type=product&#038;p=3464"},"modified":"2024-11-30T01:33:27","modified_gmt":"2024-11-30T06:33:27","slug":"electrodo-de-ph-con-cuerpo-de-pei-relleno-de-gel-con-conector-bnc","status":"publish","type":"product","link":"https:\/\/qymlab.com\/en\/producto\/electrodo-de-ph-con-cuerpo-de-pei-relleno-de-gel-con-conector-bnc\/","title":{"rendered":"Electrodo de pH con cuerpo de PEI relleno de gel, con conector BNC"},"content":{"rendered":"<p>Material del cuerpo: PEI<br \/>\nReferencia: Doble, Ag\/AgCl<br \/>\nMaterial de la uni\u00f3n\/flujo: Cer\u00e1mica\/15-20 \u00b5L\/h<br \/>\nElectrolito: Gel<br \/>\nIntervalo pH: 0 a 12<br \/>\nPresi\u00f3n m\u00e1xima: 2 bar<br \/>\nForma de la punta: Esf\u00e9rica (di\u00e1metro: 7.5 mm)<br \/>\nDi\u00e1metro del electrodo: 12 mm<br \/>\nLongitud del cuerpo\/longitud total: 120 mm\/163.5 mm<br \/>\nTemperatura de funcionamiento recomendada: -5 a 70 \u00b0C (23 a 158 \u00b0F) \u2013 LT<br \/>\nSensor de temperatura: no<br \/>\nMatching pin: no<br \/>\nAmplificador: no<br \/>\nDigital: no<br \/>\nCable coaxial: 1 m (3.3 \u2018)<br \/>\nConector: BNC<br \/>\nAplicaciones: Mediciones en campo<\/p>","protected":false},"excerpt":{"rendered":"<p>El HI1230B es un electrodo con cuerpo de PEI, incluye doble uni\u00f3n y un conector BNC. Este electrodo tiene uni\u00f3n de cer\u00e1mica y la parte de detecci\u00f3n de pH tiene forma esf\u00e9rica, y est\u00e1 hecha con vidrio de prop\u00f3sitos generales, protegida por un cuerpo durable de PEI.<\/p>\n<p>Esta consideraci\u00f3n de dise\u00f1o es ideal para aplicaciones en campo, as\u00ed como para uso en general.<\/p>\n<ul>\n<li>Cuerpo de pl\u00e1stico PEI durable para una mejor protecci\u00f3n en las mediciones en campo.<\/li>\n<li>Su doble uni\u00f3n evita los errores por incrustaciones.<\/li>\n<li>Fabricado para mediciones ambientales, de campo y de laboratorio<\/li>\n<\/ul>","protected":false},"featured_media":3465,"template":"","meta":[],"product_cat":[147],"product_tag":[],"_links":{"self":[{"href":"https:\/\/qymlab.com\/en\/wp-json\/wp\/v2\/product\/3464"}],"collection":[{"href":"https:\/\/qymlab.com\/en\/wp-json\/wp\/v2\/product"}],"about":[{"href":"https:\/\/qymlab.com\/en\/wp-json\/wp\/v2\/types\/product"}],"wp:featuredmedia":[{"embeddable":true,"href":"https:\/\/qymlab.com\/en\/wp-json\/wp\/v2\/media\/3465"}],"wp:attachment":[{"href":"https:\/\/qymlab.com\/en\/wp-json\/wp\/v2\/media?parent=3464"}],"wp:term":[{"taxonomy":"product_cat","embeddable":true,"href":"https:\/\/qymlab.com\/en\/wp-json\/wp\/v2\/product_cat?post=3464"},{"taxonomy":"product_tag","embeddable":true,"href":"https:\/\/qymlab.com\/en\/wp-json\/wp\/v2\/product_tag?post=3464"}],"curies":[{"name":"wp","href":"https:\/\/api.w.org\/{rel}","templated":true}]}}