{"id":3479,"date":"2024-12-08T04:06:40","date_gmt":"2024-12-08T09:06:40","guid":{"rendered":"https:\/\/qymlab.com\/?post_type=product&#038;p=3479"},"modified":"2024-12-20T01:26:12","modified_gmt":"2024-12-20T06:26:12","slug":"hi2020","status":"publish","type":"product","link":"https:\/\/qymlab.com\/en\/producto\/hi2020\/","title":{"rendered":"Medidor de pH multipar\u00e1metro edge\u00ae"},"content":{"rendered":"<div class=\"flex max-w-full flex-col flex-grow\">\n<div class=\"min-h-8 text-message flex w-full flex-col items-end gap-2 whitespace-normal break-words text-start [.text-message+&amp;]:mt-5\" dir=\"auto\" data-message-author-role=\"assistant\" data-message-id=\"c2d445ba-47ad-4fe2-a09c-716a756f289c\" data-message-model-slug=\"gpt-4o-mini\">\n<div class=\"flex w-full flex-col gap-1 empty:hidden first:pt-[3px]\">\n<div class=\"markdown prose w-full break-words dark:prose-invert light\">\n<p>El medidor de pH de laboratorio edge\u00ae ofrece precisi\u00f3n, simplicidad y versatilidad en un dise\u00f1o elegante. Reconoce autom\u00e1ticamente cada electrodo digital y proporciona informaci\u00f3n sobre el sensor, calibraci\u00f3n y n\u00famero de serie. Con diagn\u00f3sticos avanzados de electrodos, asegura mediciones confiables. Puede usarse como medidor port\u00e1til de sobremesa o montarse en la pared para ahorrar espacio. Su pantalla LCD de gran tama\u00f1o y \u00e1ngulo de visi\u00f3n de 150\u00b0 es f\u00e1cil de leer. Ideal para laboratorios comerciales y educativos, se calibra r\u00e1pidamente con solo un punto.<\/p>\n<p>Rango de pH: <span id=\"hs_cos_wrapper_contents\" class=\"hs_cos_wrapper hs_cos_wrapper_widget_container hs_cos_wrapper_type_widget_container\" data-hs-cos-general-type=\"widget_container\" data-hs-cos-type=\"widget_container\">pH: -2.000 a16.000, -2.00 a16.00; \u00b11000 mV<br \/>\nResoluci\u00f3n de pH: 0.001 pH, 0.01 pH; 0.1 mV<br \/>\n<\/span>Precisi\u00f3n de pH: <span id=\"hs_cos_wrapper_contents\" class=\"hs_cos_wrapper hs_cos_wrapper_widget_container hs_cos_wrapper_type_widget_container\" data-hs-cos-general-type=\"widget_container\" data-hs-cos-type=\"widget_container\">\u00b10.01 pH, \u00b10.002 pH; \u00b10.2 mV<br \/>\nCalibraci\u00f3n de pH: Autom\u00e1tica, hasta 3 puntos (5 puntos*) de calibraci\u00f3n, 5 buffers standard (7 standard*) disponibles (1.68*, 4.01 o 3.00, 6.86, 7.01, 9.18, 10.01, 12.45*) y 2 buffers personalizados*<br \/>\nCompensaci\u00f3n de temperatura pH: Autom\u00e1tico -5 a 100\u02da C (23 a 212\u02da F) (utilizando sensor de temperatura integrado)<br \/>\nRango de CE: 0.00 a 29.99 \u03bcS\/cm, 3.00 a 29.99 \u03bcS\/cm, 30.0 a 299.9 \u03bcS\/cm, 300 a 2999 \u03bcS\/cm, 3.00 a 29.99 mS\/cm, 30.0 a 200.0 mS\/cm, hasta 500.0 mS\/cm<br \/>\nResoluci\u00f3n de CE: 0.01 \u03bcS\/cm, 00.1 \u03bcS\/cm, 0.01 \u03bcS\/cm, 0.01 mS\/cm, 00.1 mS\/cm<br \/>\nPrecisi\u00f3n de CE: \u00b11% de lectura (\u00b10.05 \u03bcS\/cm o 1 digit, lo que sea mayor)<br \/>\nCalibraci\u00f3n de CE: Calibraci\u00f3n en 1 punto de compensaci\u00f3n (0.00 \u00b5S\/cm en aire), calibraci\u00f3n de 1 punto de inclinaci\u00f3n en el est\u00e1ndar CE de 84 \u00b5S\/cm, 1,413 \u00b5S\/cm, 5.00 mS\/cm, 12.88 mS\/cm, 80.0 mS\/cm y 111.8 mS\/cm<br \/>\nRango de TDS: 0.00 a 14.99 ppm (mg\/L), 15.0 a 149.9 ppm (mg\/L), 150. a 1499. ppm (mg\/L), 1.50 a 14.99 g\/L, 15.0 a 100.0 g\/L, hasta 400.0 g\/L de TDS absoluto \u2021 (con 0.80 factor)<br \/>\nResoluci\u00f3n TDS: 0.01 ppm, 0.1 ppm, 1 ppm, 0.01 g\/L, 0.1 g\/L<br \/>\n<\/span><span id=\"hs_cos_wrapper_contents\" class=\"hs_cos_wrapper hs_cos_wrapper_widget_container hs_cos_wrapper_type_widget_container\" data-hs-cos-general-type=\"widget_container\" data-hs-cos-type=\"widget_container\">Precisi\u00f3n de TDS: \u00b11% de lectura (\u00b10.03 ppm o 1 digit, lo que sea mayor)<br \/>\n<\/span><span id=\"hs_cos_wrapper_contents\" class=\"hs_cos_wrapper hs_cos_wrapper_widget_container hs_cos_wrapper_type_widget_container\" data-hs-cos-general-type=\"widget_container\" data-hs-cos-type=\"widget_container\">Calibraci\u00f3n de TDS mediante calibraci\u00f3n de EC<br \/>\nCompensaci\u00f3n de temperatura de EC\/TDS: Autom\u00e1tica -5 a 100 \u00baC (23 a 212 \u00baF) NoTC &#8211; se puede seleccionar para medir conductividad absoluta.<br \/>\n<\/span><span id=\"hs_cos_wrapper_contents\" class=\"hs_cos_wrapper hs_cos_wrapper_widget_container hs_cos_wrapper_type_widget_container\" data-hs-cos-general-type=\"widget_container\" data-hs-cos-type=\"widget_container\">Coeficiente de correcci\u00f3n de temperatura: 0.00 a 6.00% \/ \u00baC (solo para CE y TDS). El valor predeterminado es 1.90% \/ \u00baC<br \/>\nFactor de conversi\u00f3n de CE a TDS: 0.40 a 0.80 (el valor predeterminado es 0.50)<br \/>\nRango de salinidad: 0.0 a 400.0% NaCl, 0.01 a 42.00 PSU, 0.0 a 80.0 g\/L*<br \/>\nResoluci\u00f3n de salinidad: 0.1% NaCl, 0.01 PSU, 0.01 g\/L<br \/>\nPrecisi\u00f3n de salinidad: \u00b11% de lectura<br \/>\nCalibraci\u00f3n de salinidad: 1 punto con HI7037L 100% NaCl est\u00e1ndar de agua de mar (otras escalas mediante calibraci\u00f3n CE)<br \/>\nSalinity Temperature Compensation 0 to 40 g\/L (with 1 g\/L resolution)<br \/>\nSodium Chloride Range 0.0 to 400.0% NaCl<br \/>\nSodium Chloride Resolution 0.1% NaCl<br \/>\nSodium Chloride Accuracy \u00b11% of reading<br \/>\nSodium Chloride Calibration 1 point with HI 7037L 100% NaCl sea water standard (other scales through EC calibration)<br \/>\nDO Range 0.00 to 45.00 ppm (mg\/L) 0.0 to 300.0% 0.0 to 50.0 \u00b0C (32.0 to 122.0 \u00b0F)**<br \/>\nDO Accuracy (@25\u02daC\/77\u02daF) \u00b11.5% of reading or \u00b11 digit<br \/>\nDO Resolution 0.01 ppm (mg\/L); 0.1% saturation<br \/>\nDO Calibration One or two points at 0% (HI 7040) and 100% (water saturated air)<br \/>\nDO Temperature Compensation 0.0 to 50.0 \u02daC (32.0 to 122 \u02daF)<br \/>\nSalinity Compensation 0 to 40 g\/L, 1 g\/L<br \/>\nDO Altitude Compensation -500 to 4000 m (with 100 m resolution)<br \/>\nRango de temperatura: -20.0 a 120.0 \u02daC, -4.0 a 248.0 \u00b0F<br \/>\nResoluci\u00f3n de temperatura: 0.1 \u00b0C, 0.1 \u00b0F<br \/>\nPrecisi\u00f3n de temperatura: \u00b10.5 \u00b0C, \u00b11.0 \u00b0F<br \/>\npH Electrode HI11310 glass body, refillable pH electrode with temperature sensor<br \/>\nEC\/TDS Probe HI763100 EC\/temperature probe\u1d7b<br \/>\nDO Probe HI764080 DO\/temperature probe\u1d7b<br \/>\nPower Supply 5 VDC adapter (included)<br \/>\nEnvironment 0 to 50\u00b0C (32 to 122\u00b0F), RH max 95% non-condensing<br \/>\nDimensiones 202 x 140 x 12.7mm (8\u201d x 5.5\u201d x 0.5\u201d)<br \/>\nPeso 250 g (8.82 oz)<br \/>\nOrdering Information HI2020 pH kit includes: HI11310 glass body, refillable pH electrode with temperature sensor, pH 4 buffer solution sachets, pH 7 buffer solution sachets, pH 10 buffer solution sachets, electrode cleaning solution sachets,USB cable, benchtop docking station with electrode holder, wall mount cradle, 5 VDC power adapter, instruction manual, and quality certificate.<br \/>\nSpecial Notes \u2021absolute conductivity temperature limits will be reduced to actual probe\/sensor limits * with temperature compensation function disabled \u1d7bAvailable for purchase separately<br \/>\nWarranty 2 years<br \/>\n<\/span><\/p>\n<p>&nbsp;<\/p>\n<p>&nbsp;<\/p>\n<\/div>\n<\/div>\n<\/div>\n<\/div>","protected":false},"excerpt":{"rendered":"<p>La pantalla grande y su amplio \u00e1ngulo de visi\u00f3n de 150\u00b0 proporcionan una de las pantallas LCD m\u00e1s f\u00e1ciles de leer de la industria.<br \/>\nConfigure y calibre su medidor en poco tiempo con tan solo una calibraci\u00f3n de 1 punto.<br \/>\nIdeal para usar en laboratorios comerciales y educativos en todo el mundo.<\/p>","protected":false},"featured_media":3480,"template":"","meta":[],"product_cat":[17],"product_tag":[],"_links":{"self":[{"href":"https:\/\/qymlab.com\/en\/wp-json\/wp\/v2\/product\/3479"}],"collection":[{"href":"https:\/\/qymlab.com\/en\/wp-json\/wp\/v2\/product"}],"about":[{"href":"https:\/\/qymlab.com\/en\/wp-json\/wp\/v2\/types\/product"}],"wp:featuredmedia":[{"embeddable":true,"href":"https:\/\/qymlab.com\/en\/wp-json\/wp\/v2\/media\/3480"}],"wp:attachment":[{"href":"https:\/\/qymlab.com\/en\/wp-json\/wp\/v2\/media?parent=3479"}],"wp:term":[{"taxonomy":"product_cat","embeddable":true,"href":"https:\/\/qymlab.com\/en\/wp-json\/wp\/v2\/product_cat?post=3479"},{"taxonomy":"product_tag","embeddable":true,"href":"https:\/\/qymlab.com\/en\/wp-json\/wp\/v2\/product_tag?post=3479"}],"curies":[{"name":"wp","href":"https:\/\/api.w.org\/{rel}","templated":true}]}}