{"id":3495,"date":"2024-12-20T02:19:39","date_gmt":"2024-12-20T07:19:39","guid":{"rendered":"https:\/\/qymlab.com\/?post_type=product&#038;p=3495"},"modified":"2024-12-20T02:20:26","modified_gmt":"2024-12-20T07:20:26","slug":"hi2210","status":"publish","type":"product","link":"https:\/\/qymlab.com\/en\/producto\/hi2210\/","title":{"rendered":"Medidor de pH de mesa con resoluci\u00f3n 0.01 pH"},"content":{"rendered":"<p>Rango de pH: -2.00 a 16.00 pH<br \/>\nResoluci\u00f3n de pH: 0.01 pH<br \/>\nPrecisi\u00f3n de pH: \u00b10.01 pH<br \/>\nCalibraci\u00f3n de pH: Autom\u00e1tica, uno o dos puntos con cinco valores de buffer memorizados (pH 4.01, 6.86, 7.01, 9.18, 10.01)<br \/>\nCompensaci\u00f3n de temperatura de pH: Autom\u00e1tica (con sonda HI7662) o manual de -20.0 a 120.0\u00b0C<br \/>\nRango de temperatura: -20.0 a 120.0\u00b0C (-4 a 248.0\u00b0F)<br \/>\nResoluci\u00f3n de temperatura: 0.1\u00b0C<br \/>\nPrecisi\u00f3n de temperatura: \u00b10.4\u00b0C (excluyendo el error de la sonda)<br \/>\nEspecificaciones adicionales:<br \/>\nElectrodo de pH: HI1131B electrodo de pH con cuerpo de vidrio, conector BNC y cable de 1m (3.3\u2019) (incluido)<br \/>\nSonda de temperatura: HI7662 sonda de temperatura de acero inoxidable con cable de 1m (3.3\u2019) (incluido)<br \/>\nImpedancia de entrada: 10\u00b9\u00b2 Ohm<br \/>\nFuente de alimentaci\u00f3n: Adaptador de 12 VCC (incluido)<br \/>\nEntorno: 0 a 50 \u00b0C (32 a 122 \u00b0F); HR m\u00e1x. 95 % sin condensaci\u00f3n<br \/>\nDimensiones\/Peso 235 x 222 x 109 mm (9,2 x 8,7 x 4,3\u201d); 1,3 kg (2,9 lbs)<br \/>\nSe suministra con electrodo de pH HI1131B, sonda de temperatura HI7662, portaelectrodos HI76404N, sobre de soluci\u00f3n buffer de pH 4,01 HI70004, sobre de soluci\u00f3n buffer de pH 7,01 HI70007, soluci\u00f3n de electrolito KCl 3,5 M HI7082 (30 ml), sobre de soluci\u00f3n de limpieza HI700601, adaptador de 12 VCC y gu\u00eda de referencia r\u00e1pida con certificado de calidad del instrumento.<\/p>","protected":false},"excerpt":{"rendered":"<p>El medidor de pH de mesa HI2210 es preciso y asequible. Cuenta con una gu\u00eda de calibraci\u00f3n paso a paso f\u00e1cil de usar, mostrada en la pantalla LCD, junto con un indicador de estabilidad de lectura y una funci\u00f3n de recordatorio de medici\u00f3n. Ofrece compensaci\u00f3n de temperatura manual o autom\u00e1tica a trav\u00e9s de la sonda de temperatura HI7662. La pantalla LCD, de f\u00e1cil lectura, muestra tanto las lecturas de pH como de temperatura (\u00b0C).<\/p>","protected":false},"featured_media":3496,"template":"","meta":[],"product_cat":[17],"product_tag":[],"_links":{"self":[{"href":"https:\/\/qymlab.com\/en\/wp-json\/wp\/v2\/product\/3495"}],"collection":[{"href":"https:\/\/qymlab.com\/en\/wp-json\/wp\/v2\/product"}],"about":[{"href":"https:\/\/qymlab.com\/en\/wp-json\/wp\/v2\/types\/product"}],"wp:featuredmedia":[{"embeddable":true,"href":"https:\/\/qymlab.com\/en\/wp-json\/wp\/v2\/media\/3496"}],"wp:attachment":[{"href":"https:\/\/qymlab.com\/en\/wp-json\/wp\/v2\/media?parent=3495"}],"wp:term":[{"taxonomy":"product_cat","embeddable":true,"href":"https:\/\/qymlab.com\/en\/wp-json\/wp\/v2\/product_cat?post=3495"},{"taxonomy":"product_tag","embeddable":true,"href":"https:\/\/qymlab.com\/en\/wp-json\/wp\/v2\/product_tag?post=3495"}],"curies":[{"name":"wp","href":"https:\/\/api.w.org\/{rel}","templated":true}]}}