{"id":3502,"date":"2024-12-21T21:49:39","date_gmt":"2024-12-22T02:49:39","guid":{"rendered":"https:\/\/qymlab.com\/?post_type=product&#038;p=3502"},"modified":"2024-12-21T21:49:40","modified_gmt":"2024-12-22T02:49:40","slug":"hi98509","status":"publish","type":"product","link":"https:\/\/qymlab.com\/en\/producto\/hi98509\/","title":{"rendered":"Term\u00f3metro digital Checktemp\u00ae 1"},"content":{"rendered":"<p>Intervalo \u00b0 C: -50.0 a 150.0 \u00b0 C<br \/>\nIntervalo \u00b0 F: -58.0 a 302.0 \u00b0 F<br \/>\nResoluci\u00f3n \u00b0C: 0.1\u00b0C<br \/>\nResoluci\u00f3n \u00b0F: 0.1\u00b0F<br \/>\nExactitud \u00b0C: \u00b10.2 \u00baC (-30.0 a 120.0 \u00baC); \u00b10.3 \u00baC (fuera del intervalo: -50.0 a -30.0 \u00baC y 120.0 a 150.0 \u00baC)<br \/>\nExactitud \u00b0F: \u00b10.5 \u00baF (-22.0 a 199.9 \u00baF); \u00b11 \u00baF (fuera del intervalo: -58.0 a -22.0 \u00baF y 200 a 302 \u00baF)<br \/>\nSonda: Sonda de acero inoxidable con cable de silic\u00f3n de 1 m (3.3 \u2018); 97.3 x di\u00e1metro 3.5 mm (3.8 x dia 0.14 \u201d)<br \/>\nFuente de alimentaci\u00f3n: 3 bater\u00edas AAA de 1.5V<br \/>\nDuraci\u00f3n de la bater\u00eda: aprox. 3 a\u00f1os de uso<br \/>\nApagado autom\u00e1tico: Despu\u00e9s de 8 minutos inactividad<br \/>\nCondiciones ambientales: -20 a 50 \u00b0 C (-4 a 122 \u00b0 F); HR m\u00e1x. 95%<br \/>\nDimensiones: 107 x 59 x 16.5 mm (4.2 x 2.3 x .65\u2019\u2019)<br \/>\nPeso: 130 g (4.6 oz.)<br \/>\nUso recomendado: Educaci\u00f3n, alimentaci\u00f3n (almacenamiento, transporte, fabricaci\u00f3n, cocina), laboratorio<\/p>","protected":false},"excerpt":{"rendered":"<div class=\"uk-panel print-me-description uk-margin-small\">\n<div class=\"uk-panel tm-source-woo-description tm-source-page\">\n<p>El HI98509 Checktemp\u00ae1 es un term\u00f3metro de alta exactitud con un cable flexible de silic\u00f3n de 1 m (3.3\u2032) que conecta el medidor y la sonda de acero inoxidable. La sonda de penetraci\u00f3n con punta afilada lanza f\u00e1cilmente productos semi s\u00f3lidos como frutas, verduras y quesos. Esta sonda tambi\u00e9n puede manejar l\u00edquidos, aire y materiales congelados. La sonda incorpora un sensor de termistor NTC para medir la temperatura.<\/p>\n<\/div>\n<\/div>","protected":false},"featured_media":3503,"template":"","meta":[],"product_cat":[123],"product_tag":[],"_links":{"self":[{"href":"https:\/\/qymlab.com\/en\/wp-json\/wp\/v2\/product\/3502"}],"collection":[{"href":"https:\/\/qymlab.com\/en\/wp-json\/wp\/v2\/product"}],"about":[{"href":"https:\/\/qymlab.com\/en\/wp-json\/wp\/v2\/types\/product"}],"wp:featuredmedia":[{"embeddable":true,"href":"https:\/\/qymlab.com\/en\/wp-json\/wp\/v2\/media\/3503"}],"wp:attachment":[{"href":"https:\/\/qymlab.com\/en\/wp-json\/wp\/v2\/media?parent=3502"}],"wp:term":[{"taxonomy":"product_cat","embeddable":true,"href":"https:\/\/qymlab.com\/en\/wp-json\/wp\/v2\/product_cat?post=3502"},{"taxonomy":"product_tag","embeddable":true,"href":"https:\/\/qymlab.com\/en\/wp-json\/wp\/v2\/product_tag?post=3502"}],"curies":[{"name":"wp","href":"https:\/\/api.w.org\/{rel}","templated":true}]}}