{"id":3520,"date":"2025-01-09T00:24:46","date_gmt":"2025-01-09T05:24:46","guid":{"rendered":"https:\/\/qymlab.com\/?post_type=product&#038;p=3520"},"modified":"2025-01-09T00:37:02","modified_gmt":"2025-01-09T05:37:02","slug":"hi98121","status":"publish","type":"product","link":"https:\/\/qymlab.com\/en\/producto\/hi98121\/","title":{"rendered":"Medidor de bolsillo de pH\/ORP\/temperatura Combo"},"content":{"rendered":"<p>ESPECIFICACIONES:<br \/>\nIntervalo de pH: -2.00 a 14.00 pH<br \/>\nResoluci\u00f3n de pH: 0.01 pH<br \/>\nExactitud de pH: \u00b10.05 pH<br \/>\nIntervalo de ORP: \u00b11000 mV<br \/>\nResoluci\u00f3n de ORP: 1 mV<br \/>\nExactitud de ORP: \u00b12 mV<br \/>\nIntervalo de temperatura: -5.0 a 60.0\u00b0C \/ 23.0 a 140.0\u00b0F<br \/>\nResoluci\u00f3n de temperatura: 0.1\u00b0C \/ 0.1\u00b0F<br \/>\nExactitud de temperatura: \u00b10.5\u00b0C \/\u00b11\u00b0F<br \/>\nCalibraci\u00f3n de pH: Autom\u00e1tica, uno o dos puntos con dos conjuntos de soluciones de calibraci\u00f3n est\u00e1ndar (pH 4.01 \/ 7.01 \/ 10.01 o pH 4.01 \/ 6.86 \/ 9.18)<br \/>\nCompensaci\u00f3n por temperatura: Autom\u00e1tica para lecturas de pH<br \/>\nTipo de bater\u00eda\/duraci\u00f3n: 1.5V (4) \/ aprox. 100 horas de uso continuo, apagado autom\u00e1tico despu\u00e9s de 8 minutos de inactividad<br \/>\nElectrodo: Electrodo de pH HI73127 reemplazable (incluido); Electrodo de ORP fijo.<br \/>\nCondiciones ambientales: -5 a 50\u00b0C (32 a 122\u00b0F); HR m\u00e1x. 100%<br \/>\nDimensiones: 163 x 40 x 26 mm (6.4 x 1.6 x 1.0\u2019\u2019)<br \/>\nPeso: 100 g (3.5 oz.)<br \/>\nInformaci\u00f3n para ordenar: El HI98121 (ORP \/ pH) se suministra con electrodo de pH HI73127, herramienta de extracci\u00f3n de electrodo HI73128, bater\u00edas y manual de instrucciones.<\/p>","protected":false},"excerpt":{"rendered":"<p>El HI98121 es un medidor de bolsillo ligero y ergon\u00f3mico, dise\u00f1ado para flotar, lo que facilita medir ORP en cualquier lugar. Permite monitorear simult\u00e1neamente pH y ORP, y se utiliza com\u00fanmente en aplicaciones como nataci\u00f3n, desinfecci\u00f3n de alimentos, tratamiento de aguas residuales y en torres de enfriamiento. El pH mide la tensi\u00f3n el\u00e9ctrica generada por una celda electroqu\u00edmica, relacionada con la actividad de los iones, mientras que el ORP cuantifica el estado de una soluci\u00f3n en t\u00e9rminos de su capacidad para oxidar o reducir sustancias qu\u00edmicas.<\/p>","protected":false},"featured_media":3527,"template":"","meta":[],"product_cat":[356,147],"product_tag":[],"_links":{"self":[{"href":"https:\/\/qymlab.com\/en\/wp-json\/wp\/v2\/product\/3520"}],"collection":[{"href":"https:\/\/qymlab.com\/en\/wp-json\/wp\/v2\/product"}],"about":[{"href":"https:\/\/qymlab.com\/en\/wp-json\/wp\/v2\/types\/product"}],"wp:featuredmedia":[{"embeddable":true,"href":"https:\/\/qymlab.com\/en\/wp-json\/wp\/v2\/media\/3527"}],"wp:attachment":[{"href":"https:\/\/qymlab.com\/en\/wp-json\/wp\/v2\/media?parent=3520"}],"wp:term":[{"taxonomy":"product_cat","embeddable":true,"href":"https:\/\/qymlab.com\/en\/wp-json\/wp\/v2\/product_cat?post=3520"},{"taxonomy":"product_tag","embeddable":true,"href":"https:\/\/qymlab.com\/en\/wp-json\/wp\/v2\/product_tag?post=3520"}],"curies":[{"name":"wp","href":"https:\/\/api.w.org\/{rel}","templated":true}]}}