{"id":3564,"date":"2025-07-25T14:34:44","date_gmt":"2025-07-25T19:34:44","guid":{"rendered":"https:\/\/qymlab.com\/?post_type=product&#038;p=3564"},"modified":"2025-07-25T14:37:54","modified_gmt":"2025-07-25T19:37:54","slug":"hq4300","status":"publish","type":"product","link":"https:\/\/qymlab.com\/en\/producto\/hq4300\/","title":{"rendered":"Multimedidor port\u00e1til con electrodo de pH, conductividad y ox\u00edgeno disuelto de gel de campo resistente, cables de 5m"},"content":{"rendered":"<div id=\"productNumber\" class=\"infoRow\"><span class=\"label\">Ref. producto:<\/span> <span class=\"value\"><span class=\"value\">LEV015.98.43002<br \/>\n<\/span><\/span><\/p>\n<div class=\"infoRow\"><span class=\"label\">Accesorios incluidos:<\/span> <span class=\"value\">Cargador USB, cable de alimentaci\u00f3n, clips<\/span><\/div>\n<div class=\"infoRow\"><span class=\"label\">Almacenamiento de datos:<\/span> <span class=\"value\">100000 puntos de datos; <\/span><span class=\"value\">Autom\u00e1tico en modo Pulsar para leer y en modo Intervalo. Manual en modo Lectura continua.<\/span><\/div>\n<div class=\"infoRow\"><span class=\"label\">Calibraci\u00f3n de electrodo ISE:<\/span> <span class=\"value\">S\u00ed<\/span><\/div>\n<div class=\"infoRow\"><span class=\"label\">Calibraci\u00f3n del electrodo de conductividad:<\/span> <span class=\"value\">Demal (1 D\/0,1 D\/0,01 D); molar (0,1 M\/0,01 M\/0,001 M); NaCl (0,05 %; 25 \u00b5S\/cm; 1000 \u00b5S\/cm; 18 mS\/cm); agua de mar est\u00e1ndar; definida por el usuario<\/span><\/div>\n<div class=\"infoRow\"><span class=\"label\">Calibraci\u00f3n electrodo de pH:<\/span> <span class=\"value\">Entre 1 y 3 puntos de calibraci\u00f3n<br \/>\nDatos de resumen de calibraci\u00f3n registrados y en pantalla<\/span><\/div>\n<div class=\"infoRow\"><span class=\"label\">Calibraci\u00f3n electrodo ORP:<\/span> <span class=\"value\">Est\u00e1ndares ORP predefinidos (incluida la soluci\u00f3n de Zobell)<\/span><\/div>\n<div class=\"infoRow\"><span class=\"label\">Caracter\u00edsticas BPL:<\/span> <span class=\"value\">Fecha; Hora; ID de muestra; ID del operador, Calibraci\u00f3n<\/span><\/div>\n<div class=\"infoRow\"><span class=\"label\">Certificaciones:<\/span> <span class=\"value\">Homologaciones CE, FCC, ISED, RCM, KC y ETL: eficiencia energ\u00e9tica US DOE\/NRCan, RoHS<\/span><\/div>\n<div class=\"infoRow\"><span class=\"label\">Compensaci\u00f3n de temperatura:<\/span> <span class=\"value\">Compensaci\u00f3n autom\u00e1tica de temperatura para pH<\/span><\/div>\n<div class=\"infoRow\"><span class=\"label\">Condiciones ambientales: humedad relativa:<\/span> <span class=\"value\">90 % (sin condensaci\u00f3n)<\/span><\/div>\n<div class=\"infoRow\"><span class=\"label\">Condiciones ambientales: temperatura:<\/span> <span class=\"value\">De 0 a 60 \u00b0C<\/span><\/div>\n<div class=\"infoRow\"><span class=\"label\">Condiciones de almacenamiento:<\/span> <span class=\"value\"><span class=\"value\">De -20 a 60 \u00b0C, humedad relativa m\u00e1xima del 90 % (sin condensaci\u00f3n)<br \/>\n<\/span><\/span><\/p>\n<div class=\"infoRow\"><span class=\"label\">Entradas:<\/span> <span class=\"value\">3<\/span><\/div>\n<div class=\"infoRow\"><span class=\"label\">Est\u00e1ndares de calibraci\u00f3n personalizados:<\/span> <span class=\"value\">S\u00ed<\/span><\/div>\n<div class=\"infoRow\"><span class=\"label\">Exportaci\u00f3n de datos:<\/span> <span class=\"value\">Conexi\u00f3n USB a PC o a dispositivo de almacenamiento USB (limitada a la capacidad del dispositivo de almacenamiento).<\/span><\/div>\n<div class=\"infoRow\"><span class=\"label\">Fuente de alimentaci\u00f3n:<\/span> <span class=\"value\">Pila de iones de litio recargable 18650 (interna)<br \/>\nClase II, adaptador de alimentaci\u00f3n USB: entrada de 100 &#8211; 240 V CA, 50\/60 Hz; 5 V CC en una salida del adaptador de<br \/>\nalimentaci\u00f3n USB de 2 A (externa)<\/span><\/div>\n<div class=\"infoRow\"><span class=\"label\">Funci\u00f3n de bloqueo pantalla:<\/span> <span class=\"value\">Continua\/Estabilizaci\u00f3n autom\u00e1tica (&#8220;pulsar para leer&#8221;)\/De intervalo<\/span><\/div>\n<div class=\"infoRow\"><span class=\"label\">Grado de protecci\u00f3n:<\/span> <span class=\"value\">IEC Clase III (alimentaci\u00f3n SELV [Tensi\u00f3n extrabaja de seguridad\/independiente]); externa<\/span><\/div>\n<div class=\"infoRow\"><span class=\"label\">Idiomas interfaz de usuario:<\/span> <span class=\"value\">Alem\u00e1n, b\u00falgaro, checo, chino simplificado, coreano, croata, dan\u00e9s, eslovaco, esloveno, espa\u00f1ol, estonio, finland\u00e9s, franc\u00e9s, griego, holand\u00e9s, h\u00fangaro, ingl\u00e9s, italiano, japon\u00e9s, lituano, noruego, polaco, portugu\u00e9s (PT y BR), rumano, ruso, sueco y turco<\/span><\/div>\n<div class=\"infoRow\"><span class=\"label\">Instrumento:<\/span> <span class=\"value\">Port\u00e1til<\/span><\/div>\n<div class=\"infoRow\"><span class=\"label\">Interfaz de operaci\u00f3n:<\/span> <span class=\"value\">Teclado en pantalla<\/span><\/div>\n<div class=\"infoRow\"><span class=\"label\">Intervalos\/alertas\/recordatorios de calibraci\u00f3n:<\/span> <span class=\"value\">Apagado, seleccionable de 2 horas a 7 d\u00edas<\/span><\/div>\n<div class=\"infoRow\"><span class=\"label\">Kit?:<\/span> <span class=\"value\">S\u00ed<\/span><\/div>\n<div class=\"infoRow\"><span class=\"label\">Longitud de cable:<\/span> <span class=\"value\">5 m<\/span><\/div>\n<div class=\"infoRow\"><span class=\"label\">Medici\u00f3n de la conductividad:<\/span> <span class=\"value\">S\u00ed<\/span><\/div>\n<div class=\"infoRow\"><span class=\"label\">Medici\u00f3n de la Conductividad: correcci\u00f3n de la temperatura:<\/span> <span class=\"value\">Ninguno; Lineal; NaCl, Agua natural no lineal.<\/span><\/div>\n<div class=\"infoRow\"><span class=\"label\">Medici\u00f3n de la temperatura:<\/span> <span class=\"value\">\u00b0C o \u00b0F<\/span><\/div>\n<div class=\"infoRow\"><span class=\"label\">Medici\u00f3n de presi\u00f3n barom\u00e9trica:<\/span> <span class=\"value\">Compensaci\u00f3n autom\u00e1tica de OD con sonda LDO o LBOD<\/span><\/div>\n<div class=\"infoRow\"><span class=\"label\">Medici\u00f3n directa ISE:<\/span> <span class=\"value\">S\u00ed<\/span><\/div>\n<div class=\"infoRow\"><span class=\"label\">Medici\u00f3n mV con lectura estable:<\/span> <span class=\"value\">S\u00ed<\/span><\/div>\n<div class=\"infoRow\"><span class=\"label\">Mensajes de error de operaci\u00f3n:<\/span> <span class=\"value\">Se muestran mensajes de error claros<\/span><\/div>\n<div class=\"infoRow\"><span class=\"label\">M\u00e9todo de medida:<\/span> <span class=\"value\">Configuraci\u00f3n de m\u00e9todo programado espec\u00edfica de la sonda<\/span><\/div>\n<div class=\"infoRow\"><span class=\"label\">Modelo:<\/span> <span class=\"value\">HQ4300 Multi\/ISE\/3 canales<\/span><\/div>\n<div class=\"infoRow\"><span class=\"label\">Pantalla:<\/span> <span class=\"value\">Hasta 3 par\u00e1metros a la vez, en funci\u00f3n del modelo de HQ<\/span><\/div>\n<div class=\"infoRow\"><span class=\"label\">Par\u00e1metro:<\/span> <span class=\"value\">pH<br \/>\nConductividad<br \/>\nOx\u00edgeno disuelto<\/span><\/div>\n<div class=\"infoRow\"><span class=\"label\">Peso:<\/span> <span class=\"value\">570 g (solo el medidor)<\/span><\/div>\n<div class=\"infoRow\"><span class=\"label\">Protecci\u00f3n de la carcasa (IP):<\/span> <span class=\"value\">IP67 (con compartimento de pila instalado)<\/span><\/div>\n<div class=\"infoRow\"><span class=\"label\">Rango de medici\u00f3n de mV:<\/span> <span class=\"value\">S\u00ed<\/span><\/div>\n<div class=\"infoRow\"><span class=\"label\">Rango de medici\u00f3n de salinidad:<\/span> <span class=\"value\">0 &#8211; 42 (ppm) (\u2030)<\/span><\/div>\n<div class=\"infoRow\"><span class=\"label\">Rango de medici\u00f3n de TDS:<\/span> <span class=\"value\">0,00 mg\/L &#8211; 50,0 g\/L NaCl<\/span><\/div>\n<div class=\"infoRow\"><span class=\"label\">Rango medici\u00f3n de pH:<\/span> <span class=\"value\">pH 0 &#8211; 14<\/span><\/div>\n<div class=\"infoRow\"><span class=\"label\">Rango medici\u00f3n OD:<\/span> <span class=\"value\">0,1 &#8211; 20,0 mg\/L (ppm), saturaci\u00f3n del 1 al 200 %<\/span><\/div>\n<div class=\"infoRow\"><span class=\"label\">Reconocimiento autom\u00e1tico del Buffer:<\/span> <span class=\"value\">S\u00ed<\/span><\/div>\n<div class=\"infoRow\"><span class=\"label\">Region:<\/span> <span class=\"value\">UE<\/span><\/div>\n<div class=\"infoRow\"><span class=\"label\">Resoluci\u00f3n de la salinidad:<\/span> <span class=\"value\">0,01 (ppm) (\u2030)<\/span><\/div>\n<div class=\"infoRow\"><span class=\"label\">Resoluci\u00f3n de pH:<\/span> <span class=\"value\">Seleccionable:<br \/>\npH 0,001\/0,01\/0,1<\/span><\/div>\n<div class=\"infoRow\"><span class=\"label\">Resoluci\u00f3n de temperatura:<\/span> <span class=\"value\">0,1 \u00b0C<\/span><\/div>\n<div class=\"infoRow\"><span class=\"label\">Resoluci\u00f3n mV:<\/span> <span class=\"value\">0,1 mV<\/span><\/div>\n<div class=\"infoRow\"><span class=\"label\">Resoluci\u00f3n OD:<\/span> <span class=\"value\">0,1<\/span><\/div>\n<div class=\"infoRow\"><span class=\"label\">Resoluci\u00f3n TDS:<\/span> <span class=\"value\">Rango de medici\u00f3n de 0,01 mg\/L hasta 0,1 g\/L<\/span><\/div>\n<div class=\"infoRow\"><span class=\"label\">Retroiluminaci\u00f3n:<\/span> <span class=\"value\">S\u00ed<\/span><\/div>\n<div class=\"infoRow\"><span class=\"label\">Sensor A:<\/span> <span class=\"value\">PHC10105<\/span><\/div>\n<div class=\"infoRow\"><span class=\"label\">Sensor B:<\/span> <span class=\"value\">CDC40105<\/span><\/div>\n<div class=\"infoRow\"><span class=\"label\">Sensor C:<\/span> <span class=\"value\">LDO10105<\/span><\/div>\n<div class=\"infoRow\"><span class=\"label\">Sets de buffers de pH:<\/span> <span class=\"value\">Codificaci\u00f3n por colores: pH 4,01, 7,00 y 10,01; IUPAC: pH 1,679, 4,005, 7,000, 10,012 y 12,45; DIN: pH 1,09, 4,65 y 9,23<br \/>\nConjuntos de soluciones tamp\u00f3n definidas por el usuario<\/span><\/div>\n<div class=\"infoRow\"><span class=\"label\">Sondas incluidas:<\/span> <span class=\"value\">PHC10105, CDC40105, LDO10105<\/span><\/div>\n<div class=\"infoRow\"><span class=\"label\">Tipo de electrodo:<\/span> <span class=\"value\">Intellical de laboratorio est\u00e1ndar o robustas de campo<\/span><\/div>\n<div class=\"infoRow\"><span class=\"label\">Tipo de medici\u00f3n:<\/span> <span class=\"value\">Mediciones de campo<\/span><\/div>\n<div class=\"infoRow\"><span class=\"label\">Tipo de pantalla:<\/span> <span class=\"value\">TFT en color de 640 x 480<\/span><\/div>\n<\/div>\n<\/div>\n<div>INCLUYE:<br \/>\nLEV015.98.4300A Mult\u00edmetro port\u00e1til de pH\/ORP\/EC\/TDS\/OD\/ISE HQ4300, 3 canales<br \/>\nPHC10105 Electrodo Intellical robusto de pH, cable de 5 m<br \/>\nCDC40105 Celda Intellical robusta de conductividad, cable de 5 m<br \/>\nLDO10105 Sensor Intellical robusto de ox\u00edgeno disuelto (OD), cable de 5 m<br \/>\nLEZ015.99.A002A Malet\u00edn para serie HQ con electrodos robustos<br \/>\nLEZ015.99A003A Soporte y correa para la mu\u00f1eca para medidor HQ<br \/>\nLEZ015.99.A004A Funda protectora para medidor HQ<br \/>\nEZZ073 Toallitas de papel desechables, blancas, paquete de 200<br \/>\n2089846 Matraz Erlenmeyer de PMP, 250 mL<br \/>\n2770020 Tamp\u00f3n de pH de un solo uso Singlet, pH 4,01, paquete de 20<br \/>\n2770120 Tamp\u00f3n de pH de un solo uso Singlet, pH 7,00, paquete de 20<br \/>\n2770220 Tamp\u00f3n de pH de un solo uso Singlet, pH 10,01, paquete de 20<br \/>\n2771420 Soluci\u00f3n est\u00e1ndar de conductividad de un solo uso Singlet 1413 \u00b5S\/cm, KCl, 20 mL<br \/>\n5828610 Marcador de profundidad de cable para electrodos robustos<br \/>\nManuales de usuario<\/div>","protected":false},"excerpt":{"rendered":"<ul class=\"bulletList\">\n<li>Nunca hab\u00eda sido tan f\u00e1cil realizar una calibraci\u00f3n correcta<\/li>\n<li>Realice su actividad diaria con solo unos clics<\/li>\n<li>Sensores dise\u00f1ados para cada aplicaci\u00f3n<\/li>\n<li>Tranquilidad: los equipos de servicio t\u00e9cnico y soporte t\u00e9cnico de Hach estar\u00e1n a su disposici\u00f3n<\/li>\n<\/ul>","protected":false},"featured_media":3565,"template":"","meta":[],"product_cat":[17],"product_tag":[],"_links":{"self":[{"href":"https:\/\/qymlab.com\/en\/wp-json\/wp\/v2\/product\/3564"}],"collection":[{"href":"https:\/\/qymlab.com\/en\/wp-json\/wp\/v2\/product"}],"about":[{"href":"https:\/\/qymlab.com\/en\/wp-json\/wp\/v2\/types\/product"}],"wp:featuredmedia":[{"embeddable":true,"href":"https:\/\/qymlab.com\/en\/wp-json\/wp\/v2\/media\/3565"}],"wp:attachment":[{"href":"https:\/\/qymlab.com\/en\/wp-json\/wp\/v2\/media?parent=3564"}],"wp:term":[{"taxonomy":"product_cat","embeddable":true,"href":"https:\/\/qymlab.com\/en\/wp-json\/wp\/v2\/product_cat?post=3564"},{"taxonomy":"product_tag","embeddable":true,"href":"https:\/\/qymlab.com\/en\/wp-json\/wp\/v2\/product_tag?post=3564"}],"curies":[{"name":"wp","href":"https:\/\/api.w.org\/{rel}","templated":true}]}}