{"id":3594,"date":"2025-09-07T17:15:52","date_gmt":"2025-09-07T22:15:52","guid":{"rendered":"https:\/\/qymlab.com\/?post_type=product&#038;p=3594"},"modified":"2025-09-10T04:07:08","modified_gmt":"2025-09-10T09:07:08","slug":"91340","status":"publish","type":"product","link":"https:\/\/qymlab.com\/en\/producto\/91340\/","title":{"rendered":"Tiras Reactivas Peracetic acid 50"},"content":{"rendered":"<p>91340 Paracetic acid 50 marca Quantofix MN. Tiras reactivas semicuantitativas para la determinaci\u00f3n de \u00e1cido perac\u00e9tico.<\/p>\n<p><span class=\"HwtZe\" lang=\"es\"><span class=\"jCAhz ChMk0b C1N51c\"><span class=\"ryNqvb\">Marca: Quantofix MN<br \/>\nRango: \u00c1cido perac\u00e9tico &#8211; 0\u2006\u2022\u20065\u2006\u2022\u200610\u2006\u2022\u200620\u2006\u2022\u200630\u2006\u2022\u200650\u202f mg\/L<br \/>\nCambio de color: \u00c1cido perac\u00e9tico &#8211; blanco\u2006\u2192\u2006azul<br \/>\n<\/span><\/span><\/span>Vial x 100 tiras<\/p>","protected":false},"excerpt":{"rendered":"<p>Las tiras reactivas semicuantitativas para la determinaci\u00f3n de \u00e1cido perac\u00e9tico de la marca Quantofix MN. <span class=\"HwtZe\" lang=\"es\"><span class=\"jCAhz ChMk0b C1N51c\"><span class=\"ryNqvb\">Ideal para un an\u00e1lisis r\u00e1pido y sencillo de \u00e1cido perac\u00e9tico directamente en el lugar. Rango: \u00c1cido perac\u00e9tico &#8211; 0\u2006\u2022\u20065\u2006\u2022\u200610\u2006\u2022\u200620\u2006\u2022\u200630\u2006\u2022\u200650\u202f mg\/L<\/span><\/span><\/span><\/p>","protected":false},"featured_media":3596,"template":"","meta":[],"product_cat":[17,140,39],"product_tag":[],"_links":{"self":[{"href":"https:\/\/qymlab.com\/en\/wp-json\/wp\/v2\/product\/3594"}],"collection":[{"href":"https:\/\/qymlab.com\/en\/wp-json\/wp\/v2\/product"}],"about":[{"href":"https:\/\/qymlab.com\/en\/wp-json\/wp\/v2\/types\/product"}],"wp:featuredmedia":[{"embeddable":true,"href":"https:\/\/qymlab.com\/en\/wp-json\/wp\/v2\/media\/3596"}],"wp:attachment":[{"href":"https:\/\/qymlab.com\/en\/wp-json\/wp\/v2\/media?parent=3594"}],"wp:term":[{"taxonomy":"product_cat","embeddable":true,"href":"https:\/\/qymlab.com\/en\/wp-json\/wp\/v2\/product_cat?post=3594"},{"taxonomy":"product_tag","embeddable":true,"href":"https:\/\/qymlab.com\/en\/wp-json\/wp\/v2\/product_tag?post=3594"}],"curies":[{"name":"wp","href":"https:\/\/api.w.org\/{rel}","templated":true}]}}