{"id":3597,"date":"2025-09-07T18:08:34","date_gmt":"2025-09-07T23:08:34","guid":{"rendered":"https:\/\/qymlab.com\/?post_type=product&#038;p=3597"},"modified":"2025-09-10T04:06:37","modified_gmt":"2025-09-10T09:06:37","slug":"91341","status":"publish","type":"product","link":"https:\/\/qymlab.com\/en\/producto\/91341\/","title":{"rendered":"Tiras Reactivas Peracetic acid 500"},"content":{"rendered":"<p>91341 Paracetic acid 500 marca Quantofix MN. Tiras reactivas semicuantitativas para la determinaci\u00f3n de \u00e1cido perac\u00e9tico.<\/p>\n<p><span class=\"HwtZe\" lang=\"es\"><span class=\"jCAhz ChMk0b C1N51c\"><span class=\"ryNqvb\">Marca: Quantofix MN<br \/>\nRango: \u00c1cido perac\u00e9tico &#8211; 0\u2006\u2022\u200650\u2006\u2022\u2006100\u2006\u2022\u2006200\u2006\u2022\u2006300\u2006\u2022\u2006400\u2006\u2022\u2006500\u202f mg\/L<br \/>\nCambio de color: \u00c1cido perac\u00e9tico &#8211; amarillo\u2006\u2192\u2006verde<br \/>\n<\/span><\/span><\/span>Vial x 100 tiras<\/p>","protected":false},"excerpt":{"rendered":"<p>Las tiras reactivas semicuantitativas para la determinaci\u00f3n de \u00e1cido perac\u00e9tico de la marca Quantofix MN. <span class=\"HwtZe\" lang=\"es\"><span class=\"jCAhz ChMk0b C1N51c\"><span class=\"ryNqvb\">Ideal para un an\u00e1lisis r\u00e1pido y sencillo de \u00e1cido perac\u00e9tico directamente en el lugar. Rango: \u00c1cido perac\u00e9tico &#8211; 0\u2006\u2022\u200650\u2006\u2022\u2006100\u2006\u2022\u2006200\u2006\u2022\u2006300\u2006\u2022\u2006400\u2006\u2022\u2006500\u202f mg\/L<\/span><\/span><\/span><\/p>","protected":false},"featured_media":3599,"template":"","meta":[],"product_cat":[17,140,39],"product_tag":[],"_links":{"self":[{"href":"https:\/\/qymlab.com\/en\/wp-json\/wp\/v2\/product\/3597"}],"collection":[{"href":"https:\/\/qymlab.com\/en\/wp-json\/wp\/v2\/product"}],"about":[{"href":"https:\/\/qymlab.com\/en\/wp-json\/wp\/v2\/types\/product"}],"wp:featuredmedia":[{"embeddable":true,"href":"https:\/\/qymlab.com\/en\/wp-json\/wp\/v2\/media\/3599"}],"wp:attachment":[{"href":"https:\/\/qymlab.com\/en\/wp-json\/wp\/v2\/media?parent=3597"}],"wp:term":[{"taxonomy":"product_cat","embeddable":true,"href":"https:\/\/qymlab.com\/en\/wp-json\/wp\/v2\/product_cat?post=3597"},{"taxonomy":"product_tag","embeddable":true,"href":"https:\/\/qymlab.com\/en\/wp-json\/wp\/v2\/product_tag?post=3597"}],"curies":[{"name":"wp","href":"https:\/\/api.w.org\/{rel}","templated":true}]}}