{"id":3615,"date":"2025-09-08T22:40:30","date_gmt":"2025-09-09T03:40:30","guid":{"rendered":"https:\/\/qymlab.com\/?post_type=product&#038;p=3615"},"modified":"2025-09-10T04:04:03","modified_gmt":"2025-09-10T09:04:03","slug":"91201","status":"publish","type":"product","link":"https:\/\/qymlab.com\/en\/producto\/91201\/","title":{"rendered":"Tiras Reactivas para Dureza Total AQUADUR 5-25"},"content":{"rendered":"<p>91201 AQUADUR 5-25 marca AQUADUR MN. Tiras reactivas semicuantitativas para la determinaci\u00f3n de dureza total.<\/p>\n<p>Marca: AQUADUR MN<br \/>\nRango: Dureza total &lt; 54 \u2022 &gt; 90 \u2022 &gt; 180 \u2022 &gt; 270 \u2022 &gt; 360 \u2022 &gt; 450 ppm CaCO\u2083<br \/>\nCambio de color: Dureza total &#8211; verde\u2006\u2192\u2006rojo<br \/>\nVial x 100 tiras<\/p>","protected":false},"excerpt":{"rendered":"<p>Las tiras reactivas semicuantitativas para la determinaci\u00f3n de dureza total de la marca AQUADUR MN. Ideal para un an\u00e1lisis r\u00e1pido y sencillo de dureza total directamente en el lugar. Rango: Dureza total \u2013\u00a0&lt; 54 \u2022 &gt; 90 \u2022 &gt; 180 \u2022 &gt; 270 \u2022 &gt; 360 \u2022 &gt; 450 ppm CaCO\u2083<\/p>","protected":false},"featured_media":3592,"template":"","meta":[],"product_cat":[17,140,39],"product_tag":[],"_links":{"self":[{"href":"https:\/\/qymlab.com\/en\/wp-json\/wp\/v2\/product\/3615"}],"collection":[{"href":"https:\/\/qymlab.com\/en\/wp-json\/wp\/v2\/product"}],"about":[{"href":"https:\/\/qymlab.com\/en\/wp-json\/wp\/v2\/types\/product"}],"wp:featuredmedia":[{"embeddable":true,"href":"https:\/\/qymlab.com\/en\/wp-json\/wp\/v2\/media\/3592"}],"wp:attachment":[{"href":"https:\/\/qymlab.com\/en\/wp-json\/wp\/v2\/media?parent=3615"}],"wp:term":[{"taxonomy":"product_cat","embeddable":true,"href":"https:\/\/qymlab.com\/en\/wp-json\/wp\/v2\/product_cat?post=3615"},{"taxonomy":"product_tag","embeddable":true,"href":"https:\/\/qymlab.com\/en\/wp-json\/wp\/v2\/product_tag?post=3615"}],"curies":[{"name":"wp","href":"https:\/\/api.w.org\/{rel}","templated":true}]}}