{"id":3685,"date":"2025-09-28T10:59:05","date_gmt":"2025-09-28T15:59:05","guid":{"rendered":"https:\/\/qymlab.com\/?post_type=product&#038;p=3685"},"modified":"2025-09-28T11:09:21","modified_gmt":"2025-09-28T16:09:21","slug":"3860","status":"publish","type":"product","link":"https:\/\/qymlab.com\/en\/producto\/3860\/","title":{"rendered":"Refract\u00f3metro Digital de Bolsillo para muestras L\u00e1cteas PAL-S (0.0 a 93.0% Brix)"},"content":{"rendered":"<p>Modelo: PAL-S<br \/>\nCat.No.: 3860<br \/>\nRango Brix: 0.0 a 93.0%<br \/>\nEscala M\u00ednima: Brix: 0.1%, 0.1\uff9fC<br \/>\nExactitud: Brix: \u00b10.2%<br \/>\nVolumen de la Muestra: 2 a 3 gotas<br \/>\nTiempo de Medici\u00f3n: Unos 3 segundos<br \/>\nFuente de alimentaci\u00f3n: 2 \u00d7 Bater\u00edas tipo AAA<br \/>\nClase de protecci\u00f3n internacional: IP65 Protecci\u00f3n al polvo y chorros de agua<br \/>\nDimensiones y Peso: 5.5 \u00d7 3.1 \u00d7 10.9cm 100g (unidad principal solamente)<\/p>","protected":false},"excerpt":{"rendered":"<p>Respetabilidad mejorada son Tecnolog\u00eda Modo S. Modo S es la soluci\u00f3n para lecturas que var\u00edan. Ideal para muestras oscuras o con grasa como productos l\u00e1cteos.<\/p>","protected":false},"featured_media":3686,"template":"","meta":[],"product_cat":[124],"product_tag":[],"_links":{"self":[{"href":"https:\/\/qymlab.com\/en\/wp-json\/wp\/v2\/product\/3685"}],"collection":[{"href":"https:\/\/qymlab.com\/en\/wp-json\/wp\/v2\/product"}],"about":[{"href":"https:\/\/qymlab.com\/en\/wp-json\/wp\/v2\/types\/product"}],"wp:featuredmedia":[{"embeddable":true,"href":"https:\/\/qymlab.com\/en\/wp-json\/wp\/v2\/media\/3686"}],"wp:attachment":[{"href":"https:\/\/qymlab.com\/en\/wp-json\/wp\/v2\/media?parent=3685"}],"wp:term":[{"taxonomy":"product_cat","embeddable":true,"href":"https:\/\/qymlab.com\/en\/wp-json\/wp\/v2\/product_cat?post=3685"},{"taxonomy":"product_tag","embeddable":true,"href":"https:\/\/qymlab.com\/en\/wp-json\/wp\/v2\/product_tag?post=3685"}],"curies":[{"name":"wp","href":"https:\/\/api.w.org\/{rel}","templated":true}]}}