{"id":3696,"date":"2025-09-28T14:24:48","date_gmt":"2025-09-28T19:24:48","guid":{"rendered":"https:\/\/qymlab.com\/?post_type=product&#038;p=3696"},"modified":"2025-09-28T14:33:05","modified_gmt":"2025-09-28T19:33:05","slug":"2311","status":"publish","type":"product","link":"https:\/\/qymlab.com\/en\/producto\/2311\/","title":{"rendered":"Refract\u00f3metro \u00f3ptico MASTER-\u03b1 (0.0 a 33.0% Brix)"},"content":{"rendered":"<p>Modelo: MASTER-\u03b1<br \/>\nCat.No.: 2311<br \/>\nRango Brix: 0.0 a 33.0% (Compensaci\u00f3n Autom\u00e1tica de Temperatura)<br \/>\nEscala M\u00ednima: Brix: 0.2%<br \/>\nExactitud: Brix: \u00b10.2% (10 a 30\uff9fC)<br \/>\nRepetici\u00f3n: Brix: \u00b10.1%<br \/>\nClase de protecci\u00f3n internacional: IP65 (Excepto ocular), Protecci\u00f3n al polvo y chorros de agua<br \/>\nDimensiones y Peso: 3.2 x 3.4 x 16.8cm, 90g<\/p>","protected":false},"excerpt":{"rendered":"<p>Atago 2311 MASTER-\u03b1 \u2013 Refract\u00f3metro port\u00e1til de alta precisi\u00f3n con compensaci\u00f3n autom\u00e1tica de temperatura (ATC) y protecci\u00f3n contra agua y polvo (IP65). Rango de medici\u00f3n: 0,0 a 33,0 % Brix, con exactitud de \u00b1 0,2 %. Ideal para an\u00e1lisis en campo de jugos, bebidas, alimentos y m\u00e1s.<\/p>","protected":false},"featured_media":3697,"template":"","meta":[],"product_cat":[124],"product_tag":[],"_links":{"self":[{"href":"https:\/\/qymlab.com\/en\/wp-json\/wp\/v2\/product\/3696"}],"collection":[{"href":"https:\/\/qymlab.com\/en\/wp-json\/wp\/v2\/product"}],"about":[{"href":"https:\/\/qymlab.com\/en\/wp-json\/wp\/v2\/types\/product"}],"wp:featuredmedia":[{"embeddable":true,"href":"https:\/\/qymlab.com\/en\/wp-json\/wp\/v2\/media\/3697"}],"wp:attachment":[{"href":"https:\/\/qymlab.com\/en\/wp-json\/wp\/v2\/media?parent=3696"}],"wp:term":[{"taxonomy":"product_cat","embeddable":true,"href":"https:\/\/qymlab.com\/en\/wp-json\/wp\/v2\/product_cat?post=3696"},{"taxonomy":"product_tag","embeddable":true,"href":"https:\/\/qymlab.com\/en\/wp-json\/wp\/v2\/product_tag?post=3696"}],"curies":[{"name":"wp","href":"https:\/\/api.w.org\/{rel}","templated":true}]}}