{"id":3704,"date":"2025-09-28T16:42:21","date_gmt":"2025-09-28T21:42:21","guid":{"rendered":"https:\/\/qymlab.com\/?post_type=product&#038;p=3704"},"modified":"2025-09-28T17:19:01","modified_gmt":"2025-09-28T22:19:01","slug":"2313","status":"publish","type":"product","link":"https:\/\/qymlab.com\/en\/producto\/2313\/","title":{"rendered":"Refract\u00f3metro \u00f3ptico MASTER-M (0.0 a 33.0% Brix)"},"content":{"rendered":"<p>Modelo: MASTER-M<br \/>\nCat.No.: 2313<br \/>\nEscala de Medici\u00f3n: Brix<br \/>\nRango Brix: 0.0 a 33.0%<br \/>\nEscala M\u00ednima: Brix: 0.2%<br \/>\nExactitud: Brix: \u00b10.2%<br \/>\nRepetici\u00f3n: Brix: \u00b10.1%<br \/>\nDimensiones y Peso: 3.2 x 3.4 x 20.3cm, 155g<\/p>","protected":false},"excerpt":{"rendered":"<p>El Atago 2313 MASTER-M es un refract\u00f3metro anal\u00f3gico port\u00e1til (modelo met\u00e1lico) dise\u00f1ado para medir el contenido de az\u00facar (Brix) en l\u00edquidos con un rango de 0,0 a 33,0 % y una precisi\u00f3n de \u00b1 0,2 %.<br \/>\nCompacto (155 g) y manejable, permite lecturas r\u00e1pidas y confiables en jugos, bebidas, sopas, soluciones de lavado o aceites solubles en agua.<br \/>\nNo incorpora compensaci\u00f3n autom\u00e1tica de temperatura (ATC), por lo que es ideal cuando la temperatura de muestreo se mantiene constante o se corrige manualmente.<\/p>","protected":false},"featured_media":3705,"template":"","meta":[],"product_cat":[124],"product_tag":[],"_links":{"self":[{"href":"https:\/\/qymlab.com\/en\/wp-json\/wp\/v2\/product\/3704"}],"collection":[{"href":"https:\/\/qymlab.com\/en\/wp-json\/wp\/v2\/product"}],"about":[{"href":"https:\/\/qymlab.com\/en\/wp-json\/wp\/v2\/types\/product"}],"wp:featuredmedia":[{"embeddable":true,"href":"https:\/\/qymlab.com\/en\/wp-json\/wp\/v2\/media\/3705"}],"wp:attachment":[{"href":"https:\/\/qymlab.com\/en\/wp-json\/wp\/v2\/media?parent=3704"}],"wp:term":[{"taxonomy":"product_cat","embeddable":true,"href":"https:\/\/qymlab.com\/en\/wp-json\/wp\/v2\/product_cat?post=3704"},{"taxonomy":"product_tag","embeddable":true,"href":"https:\/\/qymlab.com\/en\/wp-json\/wp\/v2\/product_tag?post=3704"}],"curies":[{"name":"wp","href":"https:\/\/api.w.org\/{rel}","templated":true}]}}