{"id":3713,"date":"2025-09-29T06:48:06","date_gmt":"2025-09-29T11:48:06","guid":{"rendered":"https:\/\/qymlab.com\/?post_type=product&#038;p=3713"},"modified":"2025-09-29T06:55:48","modified_gmt":"2025-09-29T11:55:48","slug":"hi771-11","status":"publish","type":"product","link":"https:\/\/qymlab.com\/en\/producto\/hi771-11\/","title":{"rendered":"Soluci\u00f3n de Calibraci\u00f3n de Checker\u00ae HC de Cloro de Rango Ultra Alto"},"content":{"rendered":"<p>El HI771-11 es un conjunto de verificaci\u00f3n de calibraci\u00f3n que permite validar de manera sencilla el Checker\u00ae HC HI771 de cloro total rango ultra alto (0 a 500 ppm). Se suministra con un Certificado de An\u00e1lisis que incluye n\u00famero de lote, valores de referencia y fecha de caducidad, garantizando trazabilidad y confianza en los resultados.<\/p>\n<p>Certificado de An\u00e1lisis:Si<br \/>\nEnvase: Cubetas<br \/>\nCantidad de An\u00e1lisis: 1 set<\/p>","protected":false},"excerpt":{"rendered":"<p>El HI771-11 es un set de calibraci\u00f3n para validar el Checker\u00ae HC HI771 de cloro total rango ultra alto (0 a 500 ppm). Incluye est\u00e1ndares de alta calidad y un Certificado de An\u00e1lisis con n\u00famero de lote, valores de referencia y fecha de vencimiento para una trazabilidad confiable.<\/p>","protected":false},"featured_media":3714,"template":"","meta":[],"product_cat":[40],"product_tag":[],"_links":{"self":[{"href":"https:\/\/qymlab.com\/en\/wp-json\/wp\/v2\/product\/3713"}],"collection":[{"href":"https:\/\/qymlab.com\/en\/wp-json\/wp\/v2\/product"}],"about":[{"href":"https:\/\/qymlab.com\/en\/wp-json\/wp\/v2\/types\/product"}],"wp:featuredmedia":[{"embeddable":true,"href":"https:\/\/qymlab.com\/en\/wp-json\/wp\/v2\/media\/3714"}],"wp:attachment":[{"href":"https:\/\/qymlab.com\/en\/wp-json\/wp\/v2\/media?parent=3713"}],"wp:term":[{"taxonomy":"product_cat","embeddable":true,"href":"https:\/\/qymlab.com\/en\/wp-json\/wp\/v2\/product_cat?post=3713"},{"taxonomy":"product_tag","embeddable":true,"href":"https:\/\/qymlab.com\/en\/wp-json\/wp\/v2\/product_tag?post=3713"}],"curies":[{"name":"wp","href":"https:\/\/api.w.org\/{rel}","templated":true}]}}