{"id":3728,"date":"2025-10-11T19:13:20","date_gmt":"2025-10-12T00:13:20","guid":{"rendered":"https:\/\/qymlab.com\/?post_type=product&#038;p=3728"},"modified":"2025-10-11T19:27:05","modified_gmt":"2025-10-12T00:27:05","slug":"hi73311","status":"publish","type":"product","link":"https:\/\/qymlab.com\/en\/producto\/hi73311\/","title":{"rendered":"Electrodo de CE y TDS de repuesto para medidores de bolsillo"},"content":{"rendered":"<p>ESPECIFICACIONES<br \/>\nTemperatura de operaci\u00f3n recomendada: -5 a 50 \u00b0C (23 a 122 \u00b0F)<br \/>\nSensor de temperatura: No<br \/>\nAmplificador: No<br \/>\nMaterial del cuerpo: Polipropileno<br \/>\nCable: No<br \/>\nAplicaciones: Aplicaciones de campo, uso general<br \/>\nConexi\u00f3n: Pin<\/p>\n<p>&nbsp;<\/p>","protected":false},"excerpt":{"rendered":"<p>El reemplazo de un electrodo de CE y TDS en un medidor de bolsillo compatible de Hanna es r\u00e1pido y f\u00e1cil. El electrodo de repuesto HI73311 est\u00e1 dise\u00f1ado como un cartucho de f\u00e1cil ajuste que se engancha en su lugar, con dos empaques para mantener un sello herm\u00e9tico. Electrodo de CE y TDS de repuesto para medidores de bolsillo compatible con HI98311 y HI98312.<\/p>","protected":false},"featured_media":3729,"template":"","meta":[],"product_cat":[346,147],"product_tag":[],"_links":{"self":[{"href":"https:\/\/qymlab.com\/en\/wp-json\/wp\/v2\/product\/3728"}],"collection":[{"href":"https:\/\/qymlab.com\/en\/wp-json\/wp\/v2\/product"}],"about":[{"href":"https:\/\/qymlab.com\/en\/wp-json\/wp\/v2\/types\/product"}],"wp:featuredmedia":[{"embeddable":true,"href":"https:\/\/qymlab.com\/en\/wp-json\/wp\/v2\/media\/3729"}],"wp:attachment":[{"href":"https:\/\/qymlab.com\/en\/wp-json\/wp\/v2\/media?parent=3728"}],"wp:term":[{"taxonomy":"product_cat","embeddable":true,"href":"https:\/\/qymlab.com\/en\/wp-json\/wp\/v2\/product_cat?post=3728"},{"taxonomy":"product_tag","embeddable":true,"href":"https:\/\/qymlab.com\/en\/wp-json\/wp\/v2\/product_tag?post=3728"}],"curies":[{"name":"wp","href":"https:\/\/api.w.org\/{rel}","templated":true}]}}