{"id":3790,"date":"2026-01-24T12:33:06","date_gmt":"2026-01-24T17:33:06","guid":{"rendered":"https:\/\/qymlab.com\/?post_type=product&#038;p=3790"},"modified":"2026-01-24T12:38:00","modified_gmt":"2026-01-24T17:38:00","slug":"7107","status":"publish","type":"product","link":"https:\/\/qymlab.com\/en\/producto\/7107\/","title":{"rendered":"Medidor de Brix-Acidez PAL-BX|ACID7 Master Kit para Ar\u00e1ndano"},"content":{"rendered":"<p>Modelo:\u00a0PAL-BX|ACID7 Master Kit<br \/>\nCat.No.:\u00a07107<br \/>\nEscala de Medici\u00f3n: Brix, Acidez (Acidez Total a la Conversi\u00f3n del \u00c1cido C\u00edtrico), Relaci\u00f3n az\u00facar\/\u00e1cido (elemento mostrado)<br \/>\nFruta a medir: Ar\u00e1ndano<br \/>\nRango: Brix : 0.0 a 90.0\uff05, Acidez : 0.10 a 4.00\uff05, 10.0 a 40.0\u2103<br \/>\nResoluci\u00f3n: Brix: 0.1%, Acidez : 0.01\uff05, 0.1\u2103<br \/>\nExactitud: Brix: \u00b10.2%, Acidez : \u00b10.10\uff05 (0.10 a 1.00\uff05), Precisi\u00f3n relativa \u00b110% (1.01 a 4.00\uff05), \u00b11\u2103<br \/>\nTemperatura de la muestra: 10 a 40\u2103<br \/>\nTemperatura Ambiente: 10 a 40\u2103<br \/>\nVolumen de la muestra: 0.2mL<br \/>\nTiempo de Medici\u00f3n: Aprox. 3 segundos<br \/>\nLuz de fondo: La luz de fondo permanece encendida durante 30 segundos despu\u00e9s de pulsar cualquier bot\u00f3n.<br \/>\nFuente de alimentaci\u00f3n: 2 bater\u00edas tipo AAA<br \/>\nClase de protecci\u00f3n internacional: IP65<br \/>\nDimensiones y Peso: 55(a)\u00d731(l)\u00d7109(h)mm, 100g (Unidad Principal \u00fanicamente)<\/p>","protected":false},"excerpt":{"rendered":"<p>7107 Medidor de Brix-Acidez PAL-BX|ACID7 Master Kit para Ar\u00e1ndano marca ATAGO<\/p>","protected":false},"featured_media":3791,"template":"","meta":[],"product_cat":[17],"product_tag":[],"_links":{"self":[{"href":"https:\/\/qymlab.com\/en\/wp-json\/wp\/v2\/product\/3790"}],"collection":[{"href":"https:\/\/qymlab.com\/en\/wp-json\/wp\/v2\/product"}],"about":[{"href":"https:\/\/qymlab.com\/en\/wp-json\/wp\/v2\/types\/product"}],"wp:featuredmedia":[{"embeddable":true,"href":"https:\/\/qymlab.com\/en\/wp-json\/wp\/v2\/media\/3791"}],"wp:attachment":[{"href":"https:\/\/qymlab.com\/en\/wp-json\/wp\/v2\/media?parent=3790"}],"wp:term":[{"taxonomy":"product_cat","embeddable":true,"href":"https:\/\/qymlab.com\/en\/wp-json\/wp\/v2\/product_cat?post=3790"},{"taxonomy":"product_tag","embeddable":true,"href":"https:\/\/qymlab.com\/en\/wp-json\/wp\/v2\/product_tag?post=3790"}],"curies":[{"name":"wp","href":"https:\/\/api.w.org\/{rel}","templated":true}]}}