{"id":3796,"date":"2026-01-31T00:13:33","date_gmt":"2026-01-31T05:13:33","guid":{"rendered":"https:\/\/qymlab.com\/?post_type=product&#038;p=3796"},"modified":"2026-01-31T00:13:33","modified_gmt":"2026-01-31T05:13:33","slug":"hi3811","status":"publish","type":"product","link":"https:\/\/qymlab.com\/en\/producto\/hi3811\/","title":{"rendered":"Test Kit de Alcalinidad Total"},"content":{"rendered":"<p>C\u00f3digo: HI3811<br \/>\nMarca: HANNA INSTRUMENTS<br \/>\nTipo: Titulaci\u00f3n<br \/>\nIncremento m\u00ednimo: 1 mg\/L (ppm) 3 mg\/L (ppm)<br \/>\nM\u00e9todo: Fenolftale\u00edna \/ azul de bromofenol<br \/>\nN\u00famero de pruebas: 100<br \/>\nReactivo: HI3811-100<br \/>\nIntervalo de alcalinidad: 0-100 mg\/L (ppm), 0-300 mg\/L (ppm)<br \/>\nEl kit de prueba HI3811 viene con 10 mL de indicador de fenolftale\u00edna, 10 mL de indicador de bromofenol, 120 mL de titulante para alcalinidad, vaso de precipitado calibrado de 10 mL, vaso de precipitado calibrado de 50 mL y jeringa calibrada con punta.<\/p>","protected":false},"excerpt":{"rendered":"<p>El HI3811 es un kit de prueba qu\u00edmica basado en titulaci\u00f3n que determina la concentraci\u00f3n de alcalinidad en muestras en un intervalo de 0 a 100 mg\/L (ppm) CaCO3 o 0 a 300 mg\/L CaCO3. El HI3811 se suministra con todos los reactivos y equipos necesarios para realizar el an\u00e1lisis. El kit de prueba contiene suficientes reactivos para realizar aproximadamente 110 pruebas.<\/p>","protected":false},"featured_media":3797,"template":"","meta":[],"product_cat":[140,141],"product_tag":[],"_links":{"self":[{"href":"https:\/\/qymlab.com\/en\/wp-json\/wp\/v2\/product\/3796"}],"collection":[{"href":"https:\/\/qymlab.com\/en\/wp-json\/wp\/v2\/product"}],"about":[{"href":"https:\/\/qymlab.com\/en\/wp-json\/wp\/v2\/types\/product"}],"wp:featuredmedia":[{"embeddable":true,"href":"https:\/\/qymlab.com\/en\/wp-json\/wp\/v2\/media\/3797"}],"wp:attachment":[{"href":"https:\/\/qymlab.com\/en\/wp-json\/wp\/v2\/media?parent=3796"}],"wp:term":[{"taxonomy":"product_cat","embeddable":true,"href":"https:\/\/qymlab.com\/en\/wp-json\/wp\/v2\/product_cat?post=3796"},{"taxonomy":"product_tag","embeddable":true,"href":"https:\/\/qymlab.com\/en\/wp-json\/wp\/v2\/product_tag?post=3796"}],"curies":[{"name":"wp","href":"https:\/\/api.w.org\/{rel}","templated":true}]}}