{"id":848,"date":"2017-04-26T11:33:03","date_gmt":"2017-04-26T11:33:03","guid":{"rendered":"http:\/\/nativewptheme.net\/shop-third\/?post_type=product&#038;p=848"},"modified":"2026-01-29T13:27:25","modified_gmt":"2026-01-29T18:27:25","slug":"dr300","status":"publish","type":"product","link":"https:\/\/qymlab.com\/en\/producto\/dr300\/","title":{"rendered":"Color\u00edmetro de Bolsillo DR300"},"content":{"rendered":"<p><strong>ESPECIFICACIONES CARACTERISTICAS<\/strong><br \/>\nFuente de luz<br \/>\nDiodo de emisi\u00f3n de luz (LED)<\/p>\n<p>Detector<br \/>\nFotodiodo de silicio<\/p>\n<p>Protecci\u00f3n de la carcasa (IP)<br \/>\nIP67, resistente al agua a 1 m durante 30 minutos<\/p>\n<p>Longitud de onda<br \/>\nSeg\u00fan la especificaci\u00f3n del modelo, \u00b1 2 nm<\/p>\n<p>Ancho de banda espectral<br \/>\nAncho de banda del filtro de 15 nm<\/p>\n<p>Absorbancia<br \/>\n0 \u2013 2,5 Abs<\/p>\n<p>Compatibilidad celda de muestra<br \/>\n1 cm (10 mL), 25 mm (10 mL)<\/p>\n<p>Condiciones de operaci\u00f3n<br \/>\n0 \u2013 50 \u00b0C; 0 \u2013 90 % de humedad relativa (sin condensaci\u00f3n)<\/p>\n<p>Pantalla<br \/>\nLCD con retroiluminaci\u00f3n<\/p>\n<p>Fuente de alimentaci\u00f3n<br \/>\nCuatro pilas alcalinas AAA; vida \u00fatil aproximada de 5000 tests<\/p>\n<p>Almacenamiento de datos<br \/>\n\u00daltimas 50 mediciones<\/p>\n<p>Peso<br \/>\n0,25 kg<\/p>\n<p>Dimensiones (A x A x P)<br \/>\n34 mm x 69 mm x 157 mm<\/p>","protected":false},"excerpt":{"rendered":"<p>Hach lanza el nuevo color\u00edmetro de bolsillo DR300. Esta nueva generaci\u00f3n de instrumentos port\u00e1tiles se desarroll\u00f3 a partir de eficacia probada con el Color\u00edmetro Pocket II, una herramienta utilizada durante casi dos d\u00e9cadas por cientos de miles de profesionales del tratamiento de aguas.<\/p>\n<p>El nuevo instrumento presentado por la firma norteamericana cuenta con una pantalla m\u00e1s grande, un dise\u00f1o ergon\u00f3mico y mayor resistencia al agua que su antecesor. Adem\u00e1s, su operaci\u00f3n simple e intuitiva reduce el posible error manual.<\/p>","protected":false},"featured_media":2546,"template":"","meta":[],"product_cat":[38],"product_tag":[],"_links":{"self":[{"href":"https:\/\/qymlab.com\/en\/wp-json\/wp\/v2\/product\/848"}],"collection":[{"href":"https:\/\/qymlab.com\/en\/wp-json\/wp\/v2\/product"}],"about":[{"href":"https:\/\/qymlab.com\/en\/wp-json\/wp\/v2\/types\/product"}],"wp:featuredmedia":[{"embeddable":true,"href":"https:\/\/qymlab.com\/en\/wp-json\/wp\/v2\/media\/2546"}],"wp:attachment":[{"href":"https:\/\/qymlab.com\/en\/wp-json\/wp\/v2\/media?parent=848"}],"wp:term":[{"taxonomy":"product_cat","embeddable":true,"href":"https:\/\/qymlab.com\/en\/wp-json\/wp\/v2\/product_cat?post=848"},{"taxonomy":"product_tag","embeddable":true,"href":"https:\/\/qymlab.com\/en\/wp-json\/wp\/v2\/product_tag?post=848"}],"curies":[{"name":"wp","href":"https:\/\/api.w.org\/{rel}","templated":true}]}}