{"id":854,"date":"2017-04-26T11:34:41","date_gmt":"2017-04-26T11:34:41","guid":{"rendered":"http:\/\/nativewptheme.net\/shop-third\/?post_type=product&#038;p=854"},"modified":"2021-10-03T02:23:57","modified_gmt":"2021-10-03T07:23:57","slug":"tester-ph-leche","status":"publish","type":"product","link":"https:\/\/qymlab.com\/en\/producto\/tester-ph-leche\/","title":{"rendered":"Tester para pH en leche"},"content":{"rendered":"<h5>Caracter\u00edsticas Generales<\/h5>\n<p>&nbsp;<\/p>\n<h5>Mejores Caracter\u00edsticas para Mejores Pruebas<\/h5>\n<p>Un indicador de estabilidad en pantalla garantiza el mayor nivel de confianza en sus resultados. La funci\u00f3n de apagado autom\u00e1tico seleccionable prolonga la vida \u00fatil de la bater\u00eda para una mayor tranquilidad y ahorro de energ\u00eda si se deja el medidor encendido accidentalmente.<\/p>\n<p>&nbsp;<\/p>\n<h5>Tama\u00f1o de Bolsillo<\/h5>\n<p>El tama\u00f1o compacto hace que el Tester de pH para Leche sea ideal para las pruebas en movimiento. Una gran pantalla LCD proporciona lecturas a una simple vista desde cualquier \u00e1ngulo y la operaci\u00f3n con un solo bot\u00f3n agiliza el proceso de prueba para cualquier usuario.<\/p>\n<p>&nbsp;<\/p>\n<h5>Bater\u00eda de Larga Duraci\u00f3n<\/h5>\n<p>La bater\u00eda de ion de litio CR2032 incluida proporciona hasta 1000 horas de uso continuo. El icono de la bater\u00eda parpadear\u00e1 para hacerle saber que es hora de cambiar la bater\u00eda para que nunca se pierda una medici\u00f3n.<\/p>\n<p>&nbsp;<\/p>\n<h5>Soluci\u00f3n de Limpieza para Dep\u00f3sitos de Leche<\/h5>\n<p>Su Tester de pH de Leche viene con una soluci\u00f3n de limpieza que ha sido dise\u00f1ada para mantener su electrodo libre de prote\u00ednas y az\u00facar. Esta combinaci\u00f3n concentrada de detergentes limpia su medidor de forma r\u00e1pida y efectiva para que su medidor se mantenga en condiciones \u00f3ptimas.<\/p>\n<p>&nbsp;<\/p>\n<h5>Sobre de Soluci\u00f3n pH 4 y 7<\/h5>\n<p>Al realizar una calibraci\u00f3n de pH es importante que se utilicen los est\u00e1ndares correctos. Incluimos algunos est\u00e1ndares de inicio para que puedas comenzar. Los sobres de un solo uso est\u00e1n sellados individualmente para que use un est\u00e1ndar nuevo siempre que calibre.<\/p>\n<p>&nbsp;<\/p>\n<h5>Soluci\u00f3n de Almacenamiento<\/h5>\n<p>El almacenamiento adecuado de su electrodo asegurar\u00e1 mediciones confiables y una larga vida \u00fatil del electrodo. Nuestra soluci\u00f3n de almacenamiento est\u00e1 especialmente formulada para mantener el pH del vidrio hidratado y minimizar el crecimiento org\u00e1nico.<\/p>\n<p>&nbsp;<\/p>","protected":false},"excerpt":{"rendered":"<div class=\"short-description\">\n<div class=\"std\">\n<p>Dise\u00f1ado para aportar simplicidad a las pruebas de pH durante el procesamiento de la leche, el Tester de pH para Leche HI981034 est\u00e1 dise\u00f1ado para resistir el dif\u00edcil entorno de las plantas procesadoras de leche. La sonda incorporada presenta una uni\u00f3n abierta, una punta c\u00f3nica de vidrio y un cuerpo de vidrio que lo hacen ideal para medir el pH de la leche durante el procesamiento.<\/p>\n<\/div>\n<\/div>\n<ul class=\"atf-features\">\n<li>Precisi\u00f3n de \u00b10.05 pH<\/li>\n<li>Viene con todas las soluciones y bater\u00edas necesarias, todo lo que necesita para comenzar a medir de inmediato<\/li>\n<li>Electrodo especializado para el control del pH durante el procesamiento de la leche<\/li>\n<\/ul>","protected":false},"featured_media":2782,"template":"","meta":[],"product_cat":[120],"product_tag":[],"_links":{"self":[{"href":"https:\/\/qymlab.com\/en\/wp-json\/wp\/v2\/product\/854"}],"collection":[{"href":"https:\/\/qymlab.com\/en\/wp-json\/wp\/v2\/product"}],"about":[{"href":"https:\/\/qymlab.com\/en\/wp-json\/wp\/v2\/types\/product"}],"wp:featuredmedia":[{"embeddable":true,"href":"https:\/\/qymlab.com\/en\/wp-json\/wp\/v2\/media\/2782"}],"wp:attachment":[{"href":"https:\/\/qymlab.com\/en\/wp-json\/wp\/v2\/media?parent=854"}],"wp:term":[{"taxonomy":"product_cat","embeddable":true,"href":"https:\/\/qymlab.com\/en\/wp-json\/wp\/v2\/product_cat?post=854"},{"taxonomy":"product_tag","embeddable":true,"href":"https:\/\/qymlab.com\/en\/wp-json\/wp\/v2\/product_tag?post=854"}],"curies":[{"name":"wp","href":"https:\/\/api.w.org\/{rel}","templated":true}]}}