{"id":873,"date":"2017-04-26T12:12:29","date_gmt":"2017-04-26T12:12:29","guid":{"rendered":"http:\/\/nativewptheme.net\/shop-third\/?post_type=product&#038;p=873"},"modified":"2021-09-01T00:08:20","modified_gmt":"2021-09-01T05:08:20","slug":"medidor-bolsillo-prueba-agua-salinidad-marina","status":"publish","type":"product","link":"https:\/\/qymlab.com\/en\/producto\/medidor-bolsillo-prueba-agua-salinidad-marina\/","title":{"rendered":"Medidor de bolsillo a prueba de agua para salinidad marina"},"content":{"rendered":"<h3>Caracter\u00edsticas Generales<\/h3>\n<div class=\"prod-view-details-left\">\n<p><strong>Salinidad del Agua de Mar por Conductividad<\/strong><\/p>\n<ul>\n<li>Todas las mediciones de salinidad mostradas en la gran pantalla LCD de m\u00faltiples niveles se calculan a partir de una medici\u00f3n de conductividad basada en tablas conocidas, incluyendo las Tablas Oceanogr\u00e1ficas Internacionales para lecturas de ppt.<\/li>\n<\/ul>\n<p><strong>Elecci\u00f3n de Unidades de Medida<\/strong><\/p>\n<ul>\n<li>Muestra los resultados en partes por mil (ppt), Unidades de Salinidad Pr\u00e1cticas (PSU) o Gravedad Espec\u00edfica (S.G.).<\/li>\n<\/ul>\n<p><strong>Compensaci\u00f3n Autom\u00e1tica de Temperatura<\/strong><\/p>\n<ul>\n<li>Las mediciones de conductividad son muy sensibles a las variaciones de temperatura. El HI98319 tiene un sensor de temperatura expuesto para una medici\u00f3n r\u00e1pida de salinidad compensada por temperatura.<\/li>\n<\/ul>\n<p><strong>Calibraci\u00f3n Autom\u00e1tica<\/strong><\/p>\n<\/div>\n<div class=\"prod-view-details-right\">\n<ul>\n<li>Se utiliza una soluci\u00f3n de 35.00 ppt para la calibraci\u00f3n que se reconoce autom\u00e1ticamente cuando est\u00e1 en modo de calibraci\u00f3n.<\/li>\n<\/ul>\n<p><strong>Apagado Autom\u00e1tico<\/strong><\/p>\n<ul>\n<li>Seleccionable desde 8 minutos, 60 minutos, o desactivado.<\/li>\n<\/ul>\n<p><strong>Bater\u00eda de Larga Duraci\u00f3n<\/strong><\/p>\n<ul>\n<li>Aproximadamente 100 horas de uso continuo.<\/li>\n<\/ul>\n<p><strong>Estuche de Pl\u00e1stico<\/strong><\/p>\n<ul>\n<li>El HI98319 se suministra completo con medidor y 35 sobres de calibraci\u00f3n en un estuche de pl\u00e1stico duradero.<\/li>\n<\/ul>\n<\/div>","protected":false},"excerpt":{"rendered":"<p>Dise\u00f1ado para proporcionar simplicidad en las mediciones de salinidad en cualquier proceso, el medidor de bolsillo a prueba de agua para salinidad marina HI98319 mide la conductividad (CE) para determinar la salinidad del agua de mar natural y artificial. En cuesti\u00f3n de segundos se mostrar\u00e1n los valores de salinidad y temperatura en la pantalla LCD.<\/p>\n<ul>\n<li>Muestra los resultados en partes por mil (ppt), Unidades Pr\u00e1cticas de Salinidad (PSU) o densidad relativa.<\/li>\n<li>Viene con todas las soluciones necesarias y bater\u00edas. Todo lo que usted requiere para empezar a medir de inmediato.<\/li>\n<li>Ideal para mediciones en acuarios, en campo y en ambientes industriales.<\/li>\n<\/ul>","protected":false},"featured_media":2015,"template":"","meta":[],"product_cat":[36],"product_tag":[],"_links":{"self":[{"href":"https:\/\/qymlab.com\/en\/wp-json\/wp\/v2\/product\/873"}],"collection":[{"href":"https:\/\/qymlab.com\/en\/wp-json\/wp\/v2\/product"}],"about":[{"href":"https:\/\/qymlab.com\/en\/wp-json\/wp\/v2\/types\/product"}],"wp:featuredmedia":[{"embeddable":true,"href":"https:\/\/qymlab.com\/en\/wp-json\/wp\/v2\/media\/2015"}],"wp:attachment":[{"href":"https:\/\/qymlab.com\/en\/wp-json\/wp\/v2\/media?parent=873"}],"wp:term":[{"taxonomy":"product_cat","embeddable":true,"href":"https:\/\/qymlab.com\/en\/wp-json\/wp\/v2\/product_cat?post=873"},{"taxonomy":"product_tag","embeddable":true,"href":"https:\/\/qymlab.com\/en\/wp-json\/wp\/v2\/product_tag?post=873"}],"curies":[{"name":"wp","href":"https:\/\/api.w.org\/{rel}","templated":true}]}}